{"id":85,"date":"2024-04-26T15:52:34","date_gmt":"2024-04-26T15:52:34","guid":{"rendered":"https:\/\/yashamdigital.com\/?page_id=85"},"modified":"2026-01-05T14:02:29","modified_gmt":"2026-01-05T14:02:29","slug":"contact","status":"publish","type":"page","link":"https:\/\/yashamdigital.com\/en\/contact\/","title":{"rendered":"Contact"},"content":{"rendered":"<div class=\"fusion-fullwidth fullwidth-box fusion-builder-row-1 fusion-flex-container has-pattern-background has-mask-background clinkcol nonhundred-percent-fullwidth non-hundred-percent-height-scrolling\" style=\"--awb-border-radius-top-left:0px;--awb-border-radius-top-right:0px;--awb-border-radius-bottom-right:0px;--awb-border-radius-bottom-left:0px;--awb-flex-wrap:wrap;\" ><div class=\"fusion-builder-row fusion-row fusion-flex-align-items-flex-start fusion-flex-content-wrap\" style=\"max-width:1331.2px;margin-left: calc(-4% \/ 2 );margin-right: calc(-4% \/ 2 );\"><div class=\"fusion-layout-column fusion_builder_column fusion-builder-column-0 fusion_builder_column_1_2 1_2 fusion-flex-column\" style=\"--awb-bg-size:cover;--awb-border-color:var(--awb-custom_color_1);--awb-border-style:solid;--awb-width-large:50%;--awb-margin-top-large:0px;--awb-spacing-right-large:3.84%;--awb-margin-bottom-large:0px;--awb-spacing-left-large:3.84%;--awb-width-medium:50%;--awb-order-medium:0;--awb-spacing-right-medium:3.84%;--awb-spacing-left-medium:3.84%;--awb-width-small:100%;--awb-order-small:0;--awb-spacing-right-small:1.92%;--awb-spacing-left-small:1.92%;\" data-scroll-devices=\"small-visibility,medium-visibility,large-visibility\"><div class=\"fusion-column-wrapper fusion-column-has-shadow fusion-flex-justify-content-flex-start fusion-content-layout-column\"><div class=\"fusion-title title fusion-title-1 fusion-sep-none fusion-title-text fusion-title-size-div about-title\" style=\"--awb-font-size:var(--awb-custom_typography_1-font-size);\"><div class=\"fusion-title-heading title-heading-left title-heading-tag\" style=\"font-family:var(--awb-custom_typography_1-font-family);font-weight:var(--awb-custom_typography_1-font-weight);font-style:var(--awb-custom_typography_1-font-style);margin:0;font-size:1em;letter-spacing:var(--awb-custom_typography_1-letter-spacing);text-transform:var(--awb-custom_typography_1-text-transform);line-height:var(--awb-custom_typography_1-line-height);\"><div class=\"fusion-lottie fusion-lottie-1\" data-id=\"1\" style=\"--awb-margin-right:10px;--awb-max-width:40px;--awb-width:100%;\"><div class=\"fusion-lottie-animation\" data-path=\"https:\/\/yashamdigital.com\/wp-content\/uploads\/2024\/06\/contact2.json\" data-loop=\"1\" data-reverse=\"0\" data-speed=\"0.8\" data-trigger=\"viewport\" data-start_point=\"0\" data-end_point=\"100\" data-animationoffset=\"top-into-view\"><lottie-player loop=\"1\" speed=\"0.8\"><\/lottie-player><\/div><\/div>\n<h1>Our Offices<\/h1><\/div><\/div><div class=\"fusion-text fusion-text-1 md-text-align-left sm-text-align-left fusion-text-no-margin\" style=\"--awb-content-alignment:justify;--awb-font-size:var(--awb-typography4-font-size);--awb-line-height:var(--awb-typography4-line-height);--awb-letter-spacing:var(--awb-typography4-letter-spacing);--awb-text-transform:var(--awb-typography4-text-transform);--awb-text-color:var(--awb-color8);--awb-margin-bottom:20px;--awb-text-font-family:var(--awb-typography4-font-family);--awb-text-font-weight:var(--awb-typography4-font-weight);--awb-text-font-style:var(--awb-typography4-font-style);\"><h2><strong>Head Office &#8211; Dubai<\/strong><\/h2>\n<p>Boulevard Plaza Tower 1, 14th Floor, Downtown Dubai<br \/>\nDubai, United Arab Emirates<br \/>\n<strong>Phone:<\/strong><br \/>\n<a href=\"tel:0581949167\" target=\"_blank\" rel=\"noopener noreferrer\">+971 58 194 9167<\/a><br \/>\n<strong>Email:<\/strong><br \/>\n<a href=\"mailto:sales@yashamdigital.com\" rel=\"noreferrer\">sales@yashamdigital.com<\/a><br \/>\n<strong>Business Hours:<\/strong><\/p>\n<p>Monday &#8211; Friday: 10:00 AM &#8211; 6:00 PM<\/p>\n<p>Saturday: Closed<\/p>\n<p>Sunday: Closed<br \/>\n<span style=\"font-size: 14px;\" data-fusion-font=\"true\">Licensed in Dubai \u2013 No. 1527548<\/span><\/p>\n<\/div><div class=\"fusion-text fusion-text-2 md-text-align-left sm-text-align-left fusion-text-no-margin\" style=\"--awb-content-alignment:justify;--awb-font-size:var(--awb-typography4-font-size);--awb-line-height:var(--awb-typography4-line-height);--awb-letter-spacing:var(--awb-typography4-letter-spacing);--awb-text-transform:var(--awb-typography4-text-transform);--awb-text-color:var(--awb-color8);--awb-margin-bottom:20px;--awb-text-font-family:var(--awb-typography4-font-family);--awb-text-font-weight:var(--awb-typography4-font-weight);--awb-text-font-style:var(--awb-typography4-font-style);\"><h2><strong>Sales Partner &#8211; Riyadh<\/strong><\/h2>\n<p>Sheikh Salman Bin Hamad Al Khalifa, 7889<br \/>\nRiyadh. Saudi Arabia<br \/>\n<strong>Phone:<\/strong><br \/>\n<a href=\"tel:0590119654\" target=\"_blank\" rel=\"noopener noreferrer\">+966 59 011 9654<\/a><br \/>\n<strong>Website:<\/strong><br \/>\n<a class=\"lnkicon\" href=\"https:\/\/acaa.com.sa\/\" target=\"_blank\" rel=\"noopener\">acaa.com.sa<\/a><br \/>\n<strong>Business Hours:<\/strong><br \/>\nSunday &#8211; Thursday: 10:00 AM &#8211; 6:00 PM<br \/>\nFriday: Closed<br \/>\nSaturday: Closed<br \/><span data-fusion-font=\"true\" style=\"font-size: 14px;\">Sales handled by local partner<\/span><\/p>\n<\/div><div class=\"fusion-text fusion-text-3 md-text-align-left sm-text-align-left fusion-text-no-margin\" style=\"--awb-content-alignment:justify;--awb-font-size:var(--awb-typography4-font-size);--awb-line-height:var(--awb-typography4-line-height);--awb-letter-spacing:var(--awb-typography4-letter-spacing);--awb-text-transform:var(--awb-typography4-text-transform);--awb-text-color:var(--awb-color8);--awb-margin-bottom:20px;--awb-text-font-family:var(--awb-typography4-font-family);--awb-text-font-weight:var(--awb-typography4-font-weight);--awb-text-font-style:var(--awb-typography4-font-style);\"><h2><strong>Sales Partner &#8211; Istanbul<\/strong><\/h2>\n<p>Ak\u015femsettin, Hal\u0131c\u0131lar Cd No:54 i\u015fyA, 34080 Fatih<br \/>\n\u0130stanbul, T\u00fcrkiye<br \/><strong>Phone:<\/strong><br \/>\n<a href=\"tel:05059829732\" target=\"_blank\" rel=\"noopener noreferrer\">+90 505 982 97 32<\/a><br \/>\n<strong>Business Hours:<\/strong><br \/>\nMonday &#8211; Friday: 10:00 AM &#8211; 6:00 PM<br \/>\nSaturday: 10:00 AM &#8211; 4:00 PM<br \/>\nSunday: Closed<br \/><span data-fusion-font=\"true\" style=\"font-size: 14px;\">Sales handled by local partner<\/span><\/p>\n<\/div><\/div><\/div><div class=\"fusion-layout-column fusion_builder_column fusion-builder-column-1 fusion_builder_column_1_2 1_2 fusion-flex-column\" style=\"--awb-bg-size:cover;--awb-border-color:var(--awb-custom_color_1);--awb-border-style:solid;--awb-width-large:50%;--awb-margin-top-large:0px;--awb-spacing-right-large:1.92%;--awb-margin-bottom-large:0px;--awb-spacing-left-large:3.84%;--awb-width-medium:50%;--awb-order-medium:0;--awb-margin-top-medium:0;--awb-spacing-right-medium:1.92%;--awb-spacing-left-medium:3.84%;--awb-width-small:100%;--awb-order-small:0;--awb-margin-top-small:0;--awb-spacing-right-small:1.92%;--awb-spacing-left-small:1.92%;\" data-scroll-devices=\"small-visibility,medium-visibility,large-visibility\"><div class=\"fusion-column-wrapper fusion-column-has-shadow fusion-flex-justify-content-flex-start fusion-content-layout-column\"><div class=\"fusion-form fusion-form-builder fusion-form-form-wrapper fusion-form-740\" style=\"--awb-tooltip-text-color:#ffffff;--awb-tooltip-background-color:var(--awb-color8);--awb-form-bg-color:var(--awb-color1);--awb-form-placeholder-color:rgba(67,69,73,0.85);--awb-form-text-color:var(--awb-color8);--awb-form-label-color:var(--awb-color8);--awb-form-border-color:rgba(67,69,73,0.6);--awb-form-focus-border-color:var(--awb-color4);--awb-form-focus-border-hover-color:hsla(var(--awb-color4-h),var(--awb-color4-s),var(--awb-color4-l),calc(var(--awb-color4-a) - 50%));\" data-form-id=\"740\" data-config=\"{&quot;form_id&quot;:740,&quot;form_post_id&quot;:740,&quot;post_id&quot;:85,&quot;form_type&quot;:&quot;ajax&quot;,&quot;confirmation_type&quot;:&quot;message&quot;,&quot;redirect_url&quot;:&quot;&quot;,&quot;field_labels&quot;:{&quot;name&quot;:&quot;Name&quot;,&quot;phone&quot;:&quot;Phone&quot;,&quot;email&quot;:&quot;Email&quot;,&quot;subject&quot;:&quot;Subject&quot;,&quot;message&quot;:&quot;Message&quot;,&quot;preferred_contact_method&quot;:&quot;Preferred Contact Method&quot;,&quot;best_time_to_contact&quot;:&quot;Best Time to Contact&quot;},&quot;field_logics&quot;:{&quot;name&quot;:&quot;&quot;,&quot;phone&quot;:&quot;&quot;,&quot;email&quot;:&quot;&quot;,&quot;subject&quot;:&quot;&quot;,&quot;message&quot;:&quot;&quot;,&quot;preferred_contact_method&quot;:&quot;&quot;,&quot;best_time_to_contact&quot;:&quot;&quot;,&quot;submit_1&quot;:&quot;&quot;,&quot;notice_1&quot;:&quot;&quot;},&quot;field_types&quot;:{&quot;name&quot;:&quot;text&quot;,&quot;phone&quot;:&quot;text&quot;,&quot;email&quot;:&quot;email&quot;,&quot;subject&quot;:&quot;select&quot;,&quot;message&quot;:&quot;textarea&quot;,&quot;preferred_contact_method&quot;:&quot;radio&quot;,&quot;best_time_to_contact&quot;:&quot;select&quot;,&quot;submit_1&quot;:&quot;submit&quot;,&quot;notice_1&quot;:&quot;notice&quot;,&quot;recaptcha_1&quot;:&quot;recaptcha&quot;},&quot;nonce_method&quot;:&quot;ajax&quot;}\"><form action=\"https:\/\/yashamdigital.com\/en\/contact\/\" method=\"post\" class=\"fusion-form fusion-form-740\"><div class=\"fusion-fullwidth fullwidth-box fusion-builder-row-1-1 fusion-flex-container has-pattern-background has-mask-background nonhundred-percent-fullwidth non-hundred-percent-height-scrolling\" style=\"--awb-border-radius-top-left:0px;--awb-border-radius-top-right:0px;--awb-border-radius-bottom-right:0px;--awb-border-radius-bottom-left:0px;--awb-padding-right:0px;--awb-padding-left:0px;--awb-flex-wrap:wrap;\" ><div class=\"fusion-builder-row fusion-row fusion-flex-align-items-flex-start fusion-flex-content-wrap\" style=\"width:104% !important;max-width:104% !important;margin-left: calc(-4% \/ 2 );margin-right: calc(-4% \/ 2 );\"><div class=\"fusion-layout-column fusion_builder_column fusion-builder-column-2 fusion_builder_column_1_2 1_2 fusion-flex-column\" style=\"--awb-bg-size:cover;--awb-width-large:50%;--awb-flex-grow:0;--awb-flex-shrink:0;--awb-margin-top-large:0px;--awb-spacing-right-large:3.84%;--awb-margin-bottom-large:0px;--awb-spacing-left-large:3.84%;--awb-width-medium:50%;--awb-order-medium:0;--awb-flex-grow-medium:0;--awb-flex-shrink-medium:0;--awb-spacing-right-medium:3.84%;--awb-spacing-left-medium:3.84%;--awb-width-small:100%;--awb-order-small:0;--awb-flex-grow-small:0;--awb-flex-shrink-small:0;--awb-spacing-right-small:1.92%;--awb-spacing-left-small:1.92%;\"><div class=\"fusion-column-wrapper fusion-column-has-shadow fusion-flex-justify-content-flex-start fusion-content-layout-column\"><div class=\"fusion-form-field fusion-form-text-field fusion-form-label-above\" style=\"\" data-form-id=\"740\"><div class=\"fusion-form-label-wrapper\"><label for=\"name\">Name <abbr class=\"fusion-form-element-required\" title=\"required\">*<\/abbr><\/label><\/div><div class=\"fusion-form-input-with-icon\"><i class=\"awb-form-icon fa-address-card fas\"><\/i><input type=\"text\" autocomplete=\"off\"  data-invalid-notice=\"Letters only.\"  data-empty-notice=\"Name field is required.\" name=\"name\" id=\"name\" value=\"\"  class=\"fusion-form-input\" required=\"true\" aria-required=\"true\" placeholder=\"Name *\" data-holds-private-data=\"false\" minlength=\"5\" maxlength=\"50\"\/><\/div><\/div><\/div><\/div><div class=\"fusion-layout-column fusion_builder_column fusion-builder-column-3 fusion_builder_column_1_2 1_2 fusion-flex-column\" style=\"--awb-bg-size:cover;--awb-width-large:50%;--awb-flex-grow:0;--awb-flex-shrink:0;--awb-margin-top-large:0px;--awb-spacing-right-large:3.84%;--awb-margin-bottom-large:0px;--awb-spacing-left-large:3.84%;--awb-width-medium:50%;--awb-order-medium:0;--awb-flex-grow-medium:0;--awb-flex-shrink-medium:0;--awb-spacing-right-medium:3.84%;--awb-spacing-left-medium:3.84%;--awb-width-small:100%;--awb-order-small:0;--awb-flex-grow-small:0;--awb-flex-shrink-small:0;--awb-spacing-right-small:1.92%;--awb-spacing-left-small:1.92%;\"><div class=\"fusion-column-wrapper fusion-column-has-shadow fusion-flex-justify-content-flex-start fusion-content-layout-column\"><div class=\"fusion-form-field fusion-form-text-field fusion-form-label-above\" style=\"\" data-form-id=\"740\"><div class=\"fusion-form-label-wrapper\"><label for=\"phone\">Phone <abbr class=\"fusion-form-element-required\" title=\"required\">*<\/abbr><\/label><\/div><div class=\"fusion-form-input-with-icon\"><i class=\"awb-form-icon fa-mobile-alt fas\"><\/i><input type=\"text\" autocomplete=\"off\"  pattern=\"[0-9()#&+*-=.]+\"  data-invalid-notice=\"Numbers only and sould be more than 8 digits.\"  data-empty-notice=\"Phone field is required.\" name=\"phone\" id=\"phone\" value=\"\"  class=\"fusion-form-input\" required=\"true\" aria-required=\"true\" placeholder=\"Phone *\" data-holds-private-data=\"false\" minlength=\"8\" maxlength=\"15\"\/><\/div><\/div><\/div><\/div><div class=\"fusion-layout-column fusion_builder_column fusion-builder-column-4 fusion_builder_column_1_1 1_1 fusion-flex-column\" style=\"--awb-bg-size:cover;--awb-width-large:100%;--awb-flex-grow:0;--awb-flex-shrink:0;--awb-margin-top-large:0px;--awb-spacing-right-large:1.92%;--awb-margin-bottom-large:0px;--awb-spacing-left-large:1.92%;--awb-width-medium:100%;--awb-order-medium:0;--awb-flex-grow-medium:0;--awb-flex-shrink-medium:0;--awb-spacing-right-medium:1.92%;--awb-spacing-left-medium:1.92%;--awb-width-small:100%;--awb-order-small:0;--awb-flex-grow-small:0;--awb-flex-shrink-small:0;--awb-spacing-right-small:1.92%;--awb-spacing-left-small:1.92%;\"><div class=\"fusion-column-wrapper fusion-column-has-shadow fusion-flex-justify-content-flex-start fusion-content-layout-column\"><div class=\"fusion-form-field fusion-form-email-field fusion-form-label-above\" style=\"\" data-form-id=\"740\"><div class=\"fusion-form-label-wrapper\"><label for=\"email\">Email <abbr class=\"fusion-form-element-required\" title=\"required\">*<\/abbr><\/label><\/div><div class=\"fusion-form-input-with-icon\"><i class=\"awb-form-icon fa-at fas\"><\/i><input type=\"email\" autocomplete=\"off\"  data-empty-notice=\"Email field is required.\" name=\"email\" id=\"email\" value=\"\"  class=\"fusion-form-input\" required=\"true\" aria-required=\"true\" placeholder=\"Email *\" data-holds-private-data=\"false\"\/><\/div><\/div><\/div><\/div><div class=\"fusion-layout-column fusion_builder_column fusion-builder-column-5 fusion_builder_column_1_1 1_1 fusion-flex-column\" style=\"--awb-bg-size:cover;--awb-width-large:100%;--awb-flex-grow:0;--awb-flex-shrink:0;--awb-margin-top-large:0px;--awb-spacing-right-large:1.92%;--awb-margin-bottom-large:0px;--awb-spacing-left-large:1.92%;--awb-width-medium:100%;--awb-order-medium:0;--awb-flex-grow-medium:0;--awb-flex-shrink-medium:0;--awb-spacing-right-medium:1.92%;--awb-spacing-left-medium:1.92%;--awb-width-small:100%;--awb-order-small:0;--awb-flex-grow-small:0;--awb-flex-shrink-small:0;--awb-spacing-right-small:1.92%;--awb-spacing-left-small:1.92%;\"><div class=\"fusion-column-wrapper fusion-column-has-shadow fusion-flex-justify-content-flex-start fusion-content-layout-column\"><div class=\"fusion-form-field fusion-form-select-field fusion-form-label-above\" style=\"\" data-form-id=\"740\"><label for=\"subject\">Subject<\/label><div class=\"fusion-form-input-with-icon\"><i class=\" fa-question-circle fas\"><\/i><div class=\"fusion-select-wrapper\"><select autocomplete=\"off\" tabindex=\"\" id=\"subject\" name=\"subject\" class=\"fusion-form-input\" data-holds-private-data=\"false\"><option value=\"\" disabled selected>Choose an option<\/option><option value=\"General Inquiry\" >General Inquiry<\/option><option value=\"Support\" >Support<\/option><option value=\"Sales\" >Sales<\/option><option value=\"Feedback\" >Feedback<\/option><option value=\"Other\" >Other<\/option><\/select><div class=\"select-arrow\"><svg width=\"12\" height=\"8\" viewBox=\"0 0 12 8\" fill=\"none\" xmlns=\"http:\/\/www.w3.org\/2000\/svg\"> <path d=\"M1.5 1.75L6 6.25L10.5 1.75\" stroke=\"#6D6D6D\" stroke-width=\"2\" stroke-linecap=\"round\" stroke-linejoin=\"round\"\/> <\/svg><\/div><\/div><\/div><\/div><\/div><\/div><div class=\"fusion-layout-column fusion_builder_column fusion-builder-column-6 fusion_builder_column_1_1 1_1 fusion-flex-column\" style=\"--awb-bg-size:cover;--awb-width-large:100%;--awb-flex-grow:0;--awb-flex-shrink:0;--awb-margin-top-large:0px;--awb-spacing-right-large:1.92%;--awb-margin-bottom-large:0px;--awb-spacing-left-large:1.92%;--awb-width-medium:100%;--awb-order-medium:0;--awb-flex-grow-medium:0;--awb-flex-shrink-medium:0;--awb-spacing-right-medium:1.92%;--awb-spacing-left-medium:1.92%;--awb-width-small:100%;--awb-order-small:0;--awb-flex-grow-small:0;--awb-flex-shrink-small:0;--awb-spacing-right-small:1.92%;--awb-spacing-left-small:1.92%;\"><div class=\"fusion-column-wrapper fusion-column-has-shadow fusion-flex-justify-content-flex-start fusion-content-layout-column\"><div class=\"fusion-form-field fusion-form-textarea-field fusion-form-label-above\" style=\"\" data-form-id=\"740\"><label for=\"message\">Message<\/label><div class=\"fusion-form-input-with-icon\"><i class=\" fa-pen-alt fas\"><\/i><textarea cols=\"40\" autocomplete=\"off\"  minlength=\"10\"  maxlength=\"300\" rows=\"5\" tabindex=\"\" id=\"message\" name=\"message\" class=\"fusion-form-input\" placeholder=\"Your message or enquiry. \" data-holds-private-data=\"false\"><\/textarea><\/div><\/div><\/div><\/div><div class=\"fusion-layout-column fusion_builder_column fusion-builder-column-7 fusion_builder_column_1_1 1_1 fusion-flex-column\" style=\"--awb-bg-size:cover;--awb-width-large:100%;--awb-flex-grow:0;--awb-flex-shrink:0;--awb-margin-top-large:0px;--awb-spacing-right-large:1.92%;--awb-margin-bottom-large:0px;--awb-spacing-left-large:1.92%;--awb-width-medium:100%;--awb-order-medium:0;--awb-flex-grow-medium:0;--awb-flex-shrink-medium:0;--awb-spacing-right-medium:1.92%;--awb-spacing-left-medium:1.92%;--awb-width-small:100%;--awb-order-small:0;--awb-flex-grow-small:0;--awb-flex-shrink-small:0;--awb-spacing-right-small:1.92%;--awb-spacing-left-small:1.92%;\"><div class=\"fusion-column-wrapper fusion-column-has-shadow fusion-flex-justify-content-flex-start fusion-content-layout-column\"><div class=\"fusion-form-field fusion-form-radio-field fusion-form-label-above\" style=\"\" data-form-id=\"740\"><fieldset><legend class=\"fusion-form-label-wrapper\"><span class=\"label\">Preferred Contact Method<\/span><\/legend><div class=\"fusion-form-radio option-inline\"><input tabindex=\"\" id=\"radio-preferred_contact_method-1-0\" type=\"radio\" value=\"Phone\" name=\"preferred_contact_method\" class=\"fusion-form-input\" checked  data-holds-private-data=\"false\"\/><label for=\"radio-preferred_contact_method-1-0\">Phone<\/label><\/div><div class=\"fusion-form-radio option-inline\"><input tabindex=\"\" id=\"radio-preferred_contact_method-1-1\" type=\"radio\" value=\"Email\" name=\"preferred_contact_method\" class=\"fusion-form-input\" data-holds-private-data=\"false\"\/><label for=\"radio-preferred_contact_method-1-1\">Email<\/label><\/div><\/fieldset><\/div><\/div><\/div><div class=\"fusion-layout-column fusion_builder_column fusion-builder-column-8 fusion_builder_column_1_1 1_1 fusion-flex-column\" style=\"--awb-bg-size:cover;--awb-width-large:100%;--awb-flex-grow:0;--awb-flex-shrink:0;--awb-margin-top-large:0px;--awb-spacing-right-large:1.92%;--awb-margin-bottom-large:0px;--awb-spacing-left-large:1.92%;--awb-width-medium:100%;--awb-order-medium:0;--awb-flex-grow-medium:0;--awb-flex-shrink-medium:0;--awb-spacing-right-medium:1.92%;--awb-spacing-left-medium:1.92%;--awb-width-small:100%;--awb-order-small:0;--awb-flex-grow-small:0;--awb-flex-shrink-small:0;--awb-spacing-right-small:1.92%;--awb-spacing-left-small:1.92%;\"><div class=\"fusion-column-wrapper fusion-column-has-shadow fusion-flex-justify-content-flex-start fusion-content-layout-column\"><div class=\"fusion-form-field fusion-form-select-field fusion-form-label-above\" style=\"\" data-form-id=\"740\"><label for=\"best_time_to_contact\">Best Time to Contact<\/label><div class=\"fusion-form-input-with-icon\"><i class=\" fa-clock fas\"><\/i><div class=\"fusion-select-wrapper\"><select autocomplete=\"off\" tabindex=\"\" id=\"best_time_to_contact\" name=\"best_time_to_contact\" class=\"fusion-form-input\" data-holds-private-data=\"false\"><option value=\"\" disabled selected>Choose an option<\/option><option value=\"Morning\" >Morning<\/option><option value=\"Afternoon\" >Afternoon<\/option><option value=\"Evening\" >Evening<\/option><\/select><div class=\"select-arrow\"><svg width=\"12\" height=\"8\" viewBox=\"0 0 12 8\" fill=\"none\" xmlns=\"http:\/\/www.w3.org\/2000\/svg\"> <path d=\"M1.5 1.75L6 6.25L10.5 1.75\" stroke=\"#6D6D6D\" stroke-width=\"2\" stroke-linecap=\"round\" stroke-linejoin=\"round\"\/> <\/svg><\/div><\/div><\/div><\/div><\/div><\/div><div class=\"fusion-layout-column fusion_builder_column fusion-builder-column-9 fusion_builder_column_1_1 1_1 fusion-flex-column\" style=\"--awb-bg-size:cover;--awb-width-large:100%;--awb-flex-grow:0;--awb-flex-shrink:0;--awb-margin-top-large:0px;--awb-spacing-right-large:1.92%;--awb-margin-bottom-large:0px;--awb-spacing-left-large:1.92%;--awb-width-medium:100%;--awb-order-medium:0;--awb-flex-grow-medium:0;--awb-flex-shrink-medium:0;--awb-spacing-right-medium:1.92%;--awb-spacing-left-medium:1.92%;--awb-width-small:100%;--awb-order-small:0;--awb-flex-grow-small:0;--awb-flex-shrink-small:0;--awb-spacing-right-small:1.92%;--awb-spacing-left-small:1.92%;\"><div class=\"fusion-column-wrapper fusion-column-has-shadow fusion-flex-justify-content-flex-start fusion-content-layout-column\"><div class=\"fusion-form-field fusion-form-submit-field fusion-form-label-above custom-button-wbg\" style=\"\" data-form-id=\"740\"><div ><button type=\"submit\" class=\"fusion-button button-flat fusion-button-default-size button-default fusion-button-default button-1 fusion-button-default-span custom-button-wbg form-form-submit button-default\" data-form-number=\"740\" tabindex=\"\"><span class=\"fusion-button-text awb-button__text awb-button__text--default\">Submit<\/span><\/button><\/div><\/div><div class=\"form-submission-notices data-notice_1\" id=\"fusion-notices-1\"><div class=\"fusion-alert alert success alert-success fusion-alert-center fusion-form-response fusion-form-response-success awb-alert-native-link-color alert-dismissable awb-alert-close-boxed\" role=\"alert\"><div class=\"fusion-alert-content-wrapper\"><span class=\"alert-icon\"><i class=\"awb-icon-check-circle\" aria-hidden=\"true\"><\/i><\/span><span class=\"fusion-alert-content\">Thank you for contacting Yasham Digital Ltd. We have received your message and will get back to you shortly.<\/span><\/div><button type=\"button\" class=\"close toggle-alert\" data-dismiss=\"alert\" aria-label=\"Close\">&times;<\/button><\/div><div class=\"fusion-alert alert error alert-danger fusion-alert-center fusion-form-response fusion-form-response-error awb-alert-native-link-color alert-dismissable awb-alert-close-boxed\" role=\"alert\"><div class=\"fusion-alert-content-wrapper\"><span class=\"alert-icon\"><i class=\"awb-icon-exclamation-triangle\" aria-hidden=\"true\"><\/i><\/span><span class=\"fusion-alert-content\">There was an error trying to send your message. Please try again later.<\/span><\/div><button type=\"button\" class=\"close toggle-alert\" data-dismiss=\"alert\" aria-label=\"Close\">&times;<\/button><\/div><\/div><div class=\"fusion-form-field fusion-form-recaptcha-field fusion-form-label-above\" style=\"\" data-form-id=\"740\">\t\t\t\t<div class=\"form-creator-recaptcha\" >\n\t\t\t\t\t\t\t\t\t\t\t\t\t\t\t\t\t\t\t\t\t\t\t<div class=\"fusion-form-recaptcha-wrapper\">\n\t\t\t\t\t\t\t\t\t\t<div\n\t\t\t\t\t\t\tid=\"g-recaptcha-id-form-740\"\n\t\t\t\t\t\t\tclass=\"fusion-form-recaptcha-v3 recaptcha-container \"\n\t\t\t\t\t\t\tdata-sitekey=\"6LdxoZcUAAAAACdjn0_3ltP8ytxLsFul4NVohJRh\"\n\t\t\t\t\t\t\tdata-badge=\"inline\">\n\t\t\t\t\t\t<\/div>\n\t\t\t\t\t\t<input\n\t\t\t\t\t\t\ttype=\"hidden\"\n\t\t\t\t\t\t\tname=\"fusion-form-recaptcha-response\"\n\t\t\t\t\t\t\tclass=\"g-recaptcha-response\"\n\t\t\t\t\t\t\tid=\"fusion-form-recaptcha-response-740\"\n\t\t\t\t\t\t\tvalue=\"\">\n\t\t\t\t\t\t\t\t\t<\/div>\n\t\t\t\t\t\t\t\t\t\t\t\t\t\t\t<\/div>\n\t\t\t\t<\/div><\/div><\/div><\/div><\/div><input type=\"hidden\" name=\"fusion_privacy_store_ip_ua\" value=\"true\"><input type=\"hidden\" name=\"fusion_privacy_expiration_interval\" value=\"1\"><input type=\"hidden\" name=\"privacy_expiration_action\" value=\"delete\"><\/form><\/div><\/div><\/div><\/div><\/div>\n","protected":false},"excerpt":{"rendered":"","protected":false},"author":1,"featured_media":0,"parent":0,"menu_order":0,"comment_status":"closed","ping_status":"closed","template":"100-width.php","meta":{"_acf_changed":false,"footnotes":""},"class_list":["post-85","page","type-page","status-publish","hentry"],"acf":[],"_links":{"self":[{"href":"https:\/\/yashamdigital.com\/en\/wp-json\/wp\/v2\/pages\/85","targetHints":{"allow":["GET"]}}],"collection":[{"href":"https:\/\/yashamdigital.com\/en\/wp-json\/wp\/v2\/pages"}],"about":[{"href":"https:\/\/yashamdigital.com\/en\/wp-json\/wp\/v2\/types\/page"}],"author":[{"embeddable":true,"href":"https:\/\/yashamdigital.com\/en\/wp-json\/wp\/v2\/users\/1"}],"replies":[{"embeddable":true,"href":"https:\/\/yashamdigital.com\/en\/wp-json\/wp\/v2\/comments?post=85"}],"version-history":[{"count":15,"href":"https:\/\/yashamdigital.com\/en\/wp-json\/wp\/v2\/pages\/85\/revisions"}],"predecessor-version":[{"id":9968,"href":"https:\/\/yashamdigital.com\/en\/wp-json\/wp\/v2\/pages\/85\/revisions\/9968"}],"wp:attachment":[{"href":"https:\/\/yashamdigital.com\/en\/wp-json\/wp\/v2\/media?parent=85"}],"curies":[{"name":"wp","href":"https:\/\/api.w.org\/{rel}","templated":true}]}}